{"id":21,"date":"2015-10-13T09:58:43","date_gmt":"2015-10-13T07:58:43","guid":{"rendered":"http:\/\/127.0.0.1\/giannimaran\/?page_id=19"},"modified":"2015-10-13T09:58:43","modified_gmt":"2015-10-13T07:58:43","slug":"i-pesci-non-cadono-mai","status":"publish","type":"page","link":"https:\/\/www.giannimaran.it\/en\/i-pesci-non-cadono-mai\/","title":{"rendered":"I pesci non cadono mai"},"content":{"rendered":"<p><em>Fine.<\/em><\/p>\n<p><em>Aveva vissuto felice perch\u00e9 era riuscito a vivere la sua vita come un tempo sognato che bisognava sognare.<\/em><\/p>\n<p><em>Aveva sfidato le regole, non aveva ascoltato il padre, Istinto lo sapeva da sempre che, nel <strong>corso perenne dell\u2019esistenza<\/strong>, ballare con le altre acciughe non poteva essere tutta la sua vita.<\/em><\/p>\n<p><em>Quando da piccolo qualcuno gli chiedeva cosa avrebbe voluto fare da grande, lui rispondeva: \u201cl\u2019esploratore\u201d, cos\u00ec suo padre, puntualmente, scoppiando a ridere in una fragorosa risata, lo riprendeva dicendo: \u201cCerto! Hai mai sentito un annuncio recitare &#8211; cercasi acciuga esploratrice?-\u201d, ma a Istinto non importava quello che pensavano gli altri. Spesso quando nuotava nel banco, con i suoi occhi grandi, osservava il mare tra i profili degli altri pesci, come una <strong>fessura sull\u2019infinito<\/strong>.<\/em><\/p>\n<p><em>La legge di natura aveva stabilito che avrebbe dovuto nuotare tutta la vita in acque basse, quelle profonde erano per i pi\u00f9 grandi e Istinto non era un pesce grande, era solo molto curioso. <\/em><\/p>\n<p><em>La stagione delle migrazioni poteva offrire la possibilit\u00e0 di esplorare diversi angoli di mare, ma ci\u00f2 che pi\u00f9 lo attirava era quella sfumatura di blu intensa lontana, nella profondit\u00e0 e oltre. Quasi un respiro.<\/em><\/p>\n<p><em>Tutti sapevano che <em>ogni acciuga una volta stabilita la propria posizione, grazie agli occhi e alle linee laterali, avrebbe dovuto misurare la propria velocit\u00e0 e regolarla in base a quella degli altri pesci.<\/em><\/em><\/p>\n<p><em>Tutti sapevano che le acciughe non potevano lasciare il banco, il mare poteva diventare un posto feroce e pericoloso. <\/em><\/p>\n<p><em>Istinto sapeva per\u00f2 che in mare aperto un predatore avrebbe potuto avvistare un piccolo pesce con la stessa probabilit\u00e0 che avrebbe avuto di avvistare un banco. Indipendentemente dalle dimensioni, e Istinto non era un pesce grande, era solo molto coraggioso.<\/em><\/p>\n<p><em>I giorni passavano tra vortici e piroette, l\u2019acqua si stava facendo sempre pi\u00f9 fredda, l\u2019inverno era alle porte e il momento della partenza si avvicinava. Poteva essere l\u2019occasione che cercava da tempo.<\/em><\/p>\n<p><em>Milioni di individui: un\u2019unica entit\u00e0, il viaggio era cominciato. Tutti i pesci nuotavano, <strong>seguendo il destino.<\/strong> Istinto aveva deciso di prendere posto nella parte laterale del grande \u201cpallone\u201d, da l\u00ec poteva osservare schegge di mondo e soprattutto sarebbe stato in grado di identificare il momento giusto. <\/em><\/p>\n<p><em>\u00a0<\/em><\/p>\n<p><em>Sentiva la <strong>paura<\/strong> crescere, ma la curiosit\u00e0 era pi\u00f9 forte. L\u2019acqua cominciava ad assumere un colore pi\u00f9 scuro, il paesaggio sottomarino svelava lontani orizzonti sfumati.<\/em><\/p>\n<p><em>In quei momenti, pi\u00f9 che mai, il banco doveva rimanere compatto, per non smarrire la direzione: tutti uguali, nessun numero uno, nessuno contro.<\/em><\/p>\n<p><em>Il gruppo si muoveva a velocit\u00e0 costante, un\u2019enorme chiazza di colore che mutava forma al ritmo di una dolce melodia di una musica vibrante.<\/em><\/p>\n<p><em>All\u2019improvviso un luccichio, come un lampo improvviso. Era giunto il momento. Istinto cominci\u00f2 a nuotare staccandosi dal gruppo, verso un punto esatto della profondit\u00e0 che lo attirava con forza. <\/em><\/p>\n<p><em>Giunto alla meta comprese immediatamente che quello era ci\u00f2 che aveva desiderato da sempre: il punto esatto dove la luce diventa colore, il colore si trasforma in emozione, l\u2019emozione muta in libert\u00e0.<\/em><\/p>\n<p><em>\u00a0<\/em><\/p>\n<p><em>Istinto non doveva cercare oltre, era giunto al termine del viaggio. Decise cos\u00ec di abbandonarsi in un movimento infinito, nel profondo del blu, immerso nel <strong>vortice della felicit\u00e0<\/strong>.<\/em><\/p>\n<p><strong><em>Per sempre<\/em><\/strong><em>.<\/em><\/p>\n<p><em><strong>\u00a0Nicoletta Bacino<\/strong><br \/>\nCuratore e storico d&#8217;arte<br \/>\n<\/em><\/p>\n","protected":false},"excerpt":{"rendered":"<p>Fine. Aveva vissuto felice perch\u00e9 era riuscito a vivere la sua vita come un tempo sognato che bisognava sognare. Aveva sfidato le regole, non aveva ascoltato il padre, Istinto lo sapeva da sempre che, nel corso perenne dell\u2019esistenza, ballare con le altre acciughe non poteva essere tutta la sua vita. Quando da piccolo qualcuno gli &#8230; <span class=\"more\"><a class=\"more-link\" href=\"https:\/\/www.giannimaran.it\/en\/i-pesci-non-cadono-mai\/\">[Read more&#8230;]<\/a><\/span><\/p>\n","protected":false},"author":1,"featured_media":0,"parent":0,"menu_order":0,"comment_status":"closed","ping_status":"open","template":"","meta":{"footnotes":""},"class_list":["entry","page","publish","author-admin_gmaran","post-21"],"_links":{"self":[{"href":"https:\/\/www.giannimaran.it\/en\/wp-json\/wp\/v2\/pages\/21","targetHints":{"allow":["GET"]}}],"collection":[{"href":"https:\/\/www.giannimaran.it\/en\/wp-json\/wp\/v2\/pages"}],"about":[{"href":"https:\/\/www.giannimaran.it\/en\/wp-json\/wp\/v2\/types\/page"}],"author":[{"embeddable":true,"href":"https:\/\/www.giannimaran.it\/en\/wp-json\/wp\/v2\/users\/1"}],"replies":[{"embeddable":true,"href":"https:\/\/www.giannimaran.it\/en\/wp-json\/wp\/v2\/comments?post=21"}],"version-history":[{"count":0,"href":"https:\/\/www.giannimaran.it\/en\/wp-json\/wp\/v2\/pages\/21\/revisions"}],"wp:attachment":[{"href":"https:\/\/www.giannimaran.it\/en\/wp-json\/wp\/v2\/media?parent=21"}],"curies":[{"name":"wp","href":"https:\/\/api.w.org\/{rel}","templated":true}]}}