{"id":20,"date":"2015-10-13T09:57:04","date_gmt":"2015-10-13T07:57:04","guid":{"rendered":"http:\/\/127.0.0.1\/giannimaran\/?page_id=17"},"modified":"2015-10-13T17:24:38","modified_gmt":"2015-10-13T15:24:38","slug":"presentazione","status":"publish","type":"page","link":"https:\/\/www.giannimaran.it\/de\/","title":{"rendered":"Presentazione"},"content":{"rendered":"<p>\u00dcber sich selbst zu sprechen, andern von sich zu erz\u00e4hlen, ist bei weitem die kleinlichste Art\u00a0 im Adamskost\u00fcm zu bleiben, ohne zu err\u00f6ten. Aber ich hab das Bed\u00fcrfnis es zu tun, ich muss von mir erz\u00e4hlen und euch berichten, wie sehr privilegiert ich mich in diesem Moment f\u00fchle, wenn ich versuche meiner Arbeit und meinen k\u00fcnstlerischen Aktivit\u00e4ten einen Sinn zu geben, meinen Hirngespinsten, die ich zum Thema mache. Es existiert eine pers\u00f6nliche Dimension, in der sich die Seele parallel zu dem Gedanken bewegt und das Thema zuschwanken scheint, als w\u00e4re es auf dem Grund des Meeres. Es ist das Stillehalten der Seele, es ist der Traum, der sich verwirklicht, sich im Licht ver\u00e4ndert, jeder Tropfen dieses unendlichen Ozeans.<\/p>\n<p>&nbsp;<\/p>\n<p>Wer mich liest und den Blick auf dass wirft, was ich erschaffe, dem m\u00f6chte ich mit Anschaulichkeit versuchen die Begeisterung weiterzugeben, die jede meiner Werke begleitet. Kunst ist f\u00fcr mich eine Reise und nie ein Ziel. Das k\u00fcnstlerische Schaffen ist wie ein Kind, dass mit ahnungsloser innerer Sch\u00f6nheit geboren wird. Es bleibt dir selbst \u00fcberlassen es gro\u00dfzuziehen, du n\u00e4hrst es in jedem Moment mit deiner Hingabe, du begleitest es zwischen den Ein\u00f6den der Unbewusstheit und du besch\u00fctzt es vor den Geistern, die dich unvermeidlich\u00a0 in jedem Augenblick deines Schaffens herausfordern.<\/p>\n<p>&nbsp;<\/p>\n<p>Gianni Maran<\/p>","protected":false},"excerpt":{"rendered":"<p>\u00dcber sich selbst zu sprechen, andern von sich zu erz\u00e4hlen, ist bei weitem die kleinlichste Art\u00a0 im Adamskost\u00fcm zu bleiben, ohne zu err\u00f6ten. Aber ich hab das Bed\u00fcrfnis es zu tun, ich muss von mir erz\u00e4hlen und euch berichten, wie sehr privilegiert ich mich in diesem Moment f\u00fchle, wenn ich versuche meiner Arbeit und meinen &#8230; <span class=\"more\"><a class=\"more-link\" href=\"https:\/\/www.giannimaran.it\/de\/\">[Read more&#8230;]<\/a><\/span><\/p>\n","protected":false},"author":1,"featured_media":0,"parent":0,"menu_order":0,"comment_status":"closed","ping_status":"open","template":"","meta":{"footnotes":""},"class_list":["entry","page","publish","author-admin_gmaran","post-20"],"_links":{"self":[{"href":"https:\/\/www.giannimaran.it\/de\/wp-json\/wp\/v2\/pages\/20","targetHints":{"allow":["GET"]}}],"collection":[{"href":"https:\/\/www.giannimaran.it\/de\/wp-json\/wp\/v2\/pages"}],"about":[{"href":"https:\/\/www.giannimaran.it\/de\/wp-json\/wp\/v2\/types\/page"}],"author":[{"embeddable":true,"href":"https:\/\/www.giannimaran.it\/de\/wp-json\/wp\/v2\/users\/1"}],"replies":[{"embeddable":true,"href":"https:\/\/www.giannimaran.it\/de\/wp-json\/wp\/v2\/comments?post=20"}],"version-history":[{"count":2,"href":"https:\/\/www.giannimaran.it\/de\/wp-json\/wp\/v2\/pages\/20\/revisions"}],"predecessor-version":[{"id":106,"href":"https:\/\/www.giannimaran.it\/de\/wp-json\/wp\/v2\/pages\/20\/revisions\/106"}],"wp:attachment":[{"href":"https:\/\/www.giannimaran.it\/de\/wp-json\/wp\/v2\/media?parent=20"}],"curies":[{"name":"wp","href":"https:\/\/api.w.org\/{rel}","templated":true}]}}